{"id":5713,"date":"2019-09-27T12:06:44","date_gmt":"2019-09-27T10:06:44","guid":{"rendered":"https:\/\/blogdudroitelectoral.fr\/?page_id=5713"},"modified":"2019-09-27T12:06:44","modified_gmt":"2019-09-27T10:06:44","slug":"auditions","status":"publish","type":"page","link":"https:\/\/blogdudroitelectoral.fr\/?page_id=5713","title":{"rendered":"Auditions (travail l\u00e9gislatif)"},"content":{"rendered":"\n<p>Audition par M. Jean-No\u00ebl Barrot, rapporteur de la proposition de loi visant \u00e0 r\u00e9tablir le vote par correspondance (2022)<\/p>\n\n\n\n<p>Audition par MM. Pac\u00f4me Rupin et Rapha\u00ebl Schellenberger, co-rapporteurs du groupe de travail sur les modalit\u00e9s d\u2019organisation de la vie d\u00e9mocratique (2021).<\/p>\n\n\n\n<p>Audition par M. Herv\u00e9 Saulignac au titre la Commission sup\u00e9rieure du num\u00e9rique et des postes &#8211; Modernisation du mode de scrutin et apports du num\u00e9rique \u00e0 l\u2019am\u00e9lioration des processus \u00e9lectoraux (2021)<\/p>\n\n\n\n<p>Audition par M. Xavier Breton et M. St\u00e9phane Travert, \u00e0 l&rsquo;Assembl\u00e9e Nationale pour la mission d\u2019information  visant \u00e0 identifier les ressorts de l\u2019abstention et les mesures permettant de renforcer la participation \u00e9lectorale (2021)<\/p>\n\n\n\n<p>Audition au S\u00e9nat par la commission des affaires europ\u00e9ennes dans le cadre du groupe de travail sur les prochaines \u00e9lections europ\u00e9ennes (2021)<\/p>\n\n\n\n<p>Audition au S\u00e9nat par Mmes  Jacqueline Eustache-Brinio et Dominique V\u00e9rien, rapporteures de la commission des lois, \u00e0 propos du projet de loi confortant les principes de la R\u00e9publique (2021).<\/p>\n\n\n\n<p>Audition \u00e0 l&rsquo;Assembl\u00e9e Nationale par M. R\u00e9my Rebeyrotte, rapporteur de la commission des Lois sur le projet de loi portant report du renouvellement g\u00e9n\u00e9ral des conseils d\u00e9partementaux, des conseils r\u00e9gionaux et des assembl\u00e9es de Corse, de Guyane et de Martinique (2021).<\/p>\n\n\n\n<p>Audition au S\u00e9nat par la mission d&rsquo;information sur le vote \u00e0 distance, avec Martial Foucault, C\u00e9line Braconnier et Gilles Toulemonde (2020).<\/p>\n\n\n\n<p>Audition au S\u00e9nat par le Groupe Union Centriste, avec Pascal Perrineau, concernant l&rsquo;adaptation du droit \u00e9lectoral \u00e0 la Covid-19 et en particulier la question des modes alternatifs de vote (2020)<\/p>\n\n\n\n<p>Audition \u00e0 l&rsquo;Assembl\u00e9e Nationale par M. Andr\u00e9 Savignat, rapporteur pour avis au nom de la commission des Lois de l\u2019Assembl\u00e9e nationale sur le budget pour 2021 relatif \u00e0 l\u2019Administration g\u00e9n\u00e9rale et territoriale de l\u2019\u00c9tat , sur le th\u00e8me \u00ab Les effets de l\u2019\u00e9pid\u00e9mie de Covid-19 sur les \u00e9lections \u00bb (2020)<\/p>\n\n\n\n<p>Audition \u00e0 l&rsquo;Assembl\u00e9e Nationale par Mme la d\u00e9put\u00e9e Paula Fortezza, auteure de la proposition de loi instaurant le droit de votre d\u00e8s seize ans et l\u2019inscription automatique sur les listes \u00e9lectorales (2020) : <a href=\"http:\/\/www.assemblee-nationale.fr\/dyn\/15\/textes\/l15b3294_proposition-loi\">Proposition de loi instaurant le vote d\u00e8s seize ans et l\u2019inscription automatique sur les listes \u00e9lectorales<\/a><\/p>\n\n\n\n<p>Audition au S\u00e9nat par M. le s\u00e9nateur Fran\u00e7ois Bonhomme, rapporteur pour la commission des lois de la proposition de loi relative \u00e0 la simplification et \u00e0 la modernisation de la propagande \u00e9lectorale (2020) : <a href=\"http:\/\/www.senat.fr\/dossier-legislatif\/ppl18-687.html\">Proposition de loi relative \u00e0 la simplification et \u00e0 la modernisation de la propagande \u00e9lectorale<\/a><\/p>\n\n\n\n<p>Audition \u00e0 l&rsquo;Assembl\u00e9e Nationale par  M. le d\u00e9put\u00e9 Guillaume Gouffier-Cha, rapporteur pour la commission des lois des propositions loi visant \u00e0 clarifier diverses dispositions du droit \u00e9lectoral (2019) : <a href=\"https:\/\/www.legifrance.gouv.fr\/affichTexte.do?cidTexte=JORFTEXT000039439981&amp;dateTexte=20200102\">lois organique (n\u00b02019-1268)<\/a> et <a href=\"https:\/\/www.legifrance.gouv.fr\/affichTexte.do?cidTexte=JORFTEXT000039439987&amp;categorieLien=id\">ordinaire (n\u00b02019-1269) du 2 d\u00e9cembre 2019 visant \u00e0 clarifier diverses dispositions du droit \u00e9lectoral<\/a> <\/p>\n\n\n\n<p>Audition au Conseil \u00e9conomique, social et environnemental par M. Vincent Le Roux, directeur de cabinet du pr\u00e9sident du CESE, dans le contexte du : <a href=\"http:\/\/www.assemblee-nationale.fr\/15\/projets\/pl2203.asp\">projet de loi constitutionnelle pour un renouveau de la vie d\u00e9mocratique (2019) <\/a><\/p>\n\n\n\n<p>Auditions \u00e0 l&rsquo;Assembl\u00e9e Nationale  par Mme Naima Moutchou, rapporteur pour la commission des lois du projet de loi relatif \u00e0 la lutte contre la manipulation de l\u2019information (2018) : <a href=\"https:\/\/www.legifrance.gouv.fr\/affichTexte.do;jsessionid=760ED67E929F816EAEFC6F6A2AEAC7B9.tplgfr21s_2?cidTexte=JORFTEXT000037847559&amp;categorieLien=id\">Loi n\u00b0 2018-1202 du 22 d\u00e9cembre 2018 relative \u00e0 la lutte contre la manipulation de l&rsquo;information<\/a><\/p>\n\n\n\n<p> Audition \u00e0 l&rsquo;Assembl\u00e9e Nationale par M. Alain Tourret, rapporteur de la commission des lois du projet de loi relatif aux \u00e9lections europ\u00e9ennes (2018) : <a href=\"https:\/\/www.legifrance.gouv.fr\/affichTexte.do?cidTexte=JORFTEXT000037102048&amp;categorieLien=id\">Loi n\u00b0 2018-509 du 25 juin 2018 relative \u00e0 l&rsquo;\u00e9lection des repr\u00e9sentants au Parlement europ\u00e9en <\/a><\/p>\n\n\n\n<p>Audition \u00e0 l\u2019Assembl\u00e9e Nationale par M. Christophe Euzet et M. Olivier Marleix, dans le cadre de  la<a href=\"http:\/\/www2.assemblee-nationale.fr\/instances\/resume\/OMC_PO754027\/legislature\/15\"> mission d\u2019information charg\u00e9e d\u2019appr\u00e9cier les incidences d\u2019une \u00e9volution du mode de scrutin des d\u00e9put\u00e9s<\/a>, dans le cadre d\u00a0\u00bbun groupe de travail sur la modernisation des institutions, dans le contexte des projets de loi pour une d\u00e9mocratie plus repr\u00e9sentative, responsable et efficace (2018)<\/p>\n\n\n\n<p>Audition  \u00e0 l\u2019Assembl\u00e9e Nationale dans le cadre du groupe de travail \u00ab\u00a0Pour une nouvelle Assembl\u00e9e Nationale\u00a0\u00bb, sur le statut des d\u00e9put\u00e9s et leurs moyens de travail (2017) : <a href=\"http:\/\/www2.assemblee-nationale.fr\/qui\/pour-une-nouvelle-assemblee-nationale-les-rendez-vous-des-reformes-2017-2022\/statut-des-deputes\/(block)\/43838\">voir le document et la vid\u00e9o en ligne<\/a><\/p>\n","protected":false},"excerpt":{"rendered":"<p>Audition par M. Jean-No\u00ebl Barrot, rapporteur de la proposition de loi visant \u00e0 r\u00e9tablir le vote par correspondance (2022) Audition par MM. Pac\u00f4me Rupin et Rapha\u00ebl Schellenberger, co-rapporteurs du groupe de travail sur les modalit\u00e9s d\u2019organisation de la vie d\u00e9mocratique (2021). Audition par M. Herv\u00e9 Saulignac au titre la Commission sup\u00e9rieure du num\u00e9rique et des &hellip; <a href=\"https:\/\/blogdudroitelectoral.fr\/?page_id=5713\" class=\"more-link\">Continuer la lecture<span class=\"screen-reader-text\"> de &laquo;&nbsp;Auditions (travail l\u00e9gislatif)&nbsp;&raquo;<\/span><\/a><\/p>\n","protected":false},"author":1,"featured_media":0,"parent":0,"menu_order":0,"comment_status":"closed","ping_status":"closed","template":"","meta":{"footnotes":""},"class_list":["post-5713","page","type-page","status-publish","hentry"],"_links":{"self":[{"href":"https:\/\/blogdudroitelectoral.fr\/index.php?rest_route=\/wp\/v2\/pages\/5713","targetHints":{"allow":["GET"]}}],"collection":[{"href":"https:\/\/blogdudroitelectoral.fr\/index.php?rest_route=\/wp\/v2\/pages"}],"about":[{"href":"https:\/\/blogdudroitelectoral.fr\/index.php?rest_route=\/wp\/v2\/types\/page"}],"author":[{"embeddable":true,"href":"https:\/\/blogdudroitelectoral.fr\/index.php?rest_route=\/wp\/v2\/users\/1"}],"replies":[{"embeddable":true,"href":"https:\/\/blogdudroitelectoral.fr\/index.php?rest_route=%2Fwp%2Fv2%2Fcomments&post=5713"}],"version-history":[{"count":0,"href":"https:\/\/blogdudroitelectoral.fr\/index.php?rest_route=\/wp\/v2\/pages\/5713\/revisions"}],"wp:attachment":[{"href":"https:\/\/blogdudroitelectoral.fr\/index.php?rest_route=%2Fwp%2Fv2%2Fmedia&parent=5713"}],"curies":[{"name":"wp","href":"https:\/\/api.w.org\/{rel}","templated":true}]}}