{"id":5692,"date":"2019-09-27T11:31:54","date_gmt":"2019-09-27T09:31:54","guid":{"rendered":"https:\/\/blogdudroitelectoral.fr\/?page_id=5692"},"modified":"2026-01-13T21:10:32","modified_gmt":"2026-01-13T20:10:32","slug":"presentation-du-blog","status":"publish","type":"page","link":"https:\/\/blogdudroitelectoral.fr\/?page_id=5692","title":{"rendered":"Pr\u00e9sentation du blog"},"content":{"rendered":"\n<p>Le <em>blog du droit \u00e9lectoral<\/em> est un blog ayant pour objet de suivre l&rsquo;actualit\u00e9 et de proposer des analyses sur le droit des \u00e9lections et des r\u00e9f\u00e9rendums politiques en France. Il est tenu principalement par Romain Rambaud, Professeur des universit\u00e9s, agr\u00e9g\u00e9 de droit public, \u00e0 l&rsquo;Universit\u00e9 Grenoble Alpes.<\/p>\n\n\n\n<p>Le <em>blog du droit \u00e9lectoral <\/em>a d&rsquo;abord \u00e9t\u00e9 cr\u00e9\u00e9 sous la forme du <em>blog du droit des sondages \u00e9lectoraux<\/em> en 2012 sur LeMonde.fr. Transform\u00e9 \u00e0 partir de 2014 en <em>blog du droit \u00e9lectoral<\/em>, il a \u00e9t\u00e9 supprim\u00e9 en juin 2019 au moment o\u00f9 LeMonde.fr a d\u00e9cid\u00e9 de supprimer tous ses blogs abonn\u00e9s (htttp:\/\/droitelectoral.blog.lemonde.fr). Il a finalement \u00e9t\u00e9 recr\u00e9e \u00e0 la fin du mois de septembre 2019 sur son propre h\u00e9bergement (http:\/\/blogdudroitelectoral.fr), puis a encore migr\u00e9 d\u00e9but janvier 2026. Il y a quelques bugs li\u00e9s \u00e0 ces recr\u00e9ations, notamment des images ont pu dispara\u00eetre.<\/p>\n\n\n\n<p><\/p>\n","protected":false},"excerpt":{"rendered":"<p>Le blog du droit \u00e9lectoral est un blog ayant pour objet de suivre l&rsquo;actualit\u00e9 et de proposer des analyses sur le droit des \u00e9lections et des r\u00e9f\u00e9rendums politiques en France. Il est tenu principalement par Romain Rambaud, Professeur des universit\u00e9s, agr\u00e9g\u00e9 de droit public, \u00e0 l&rsquo;Universit\u00e9 Grenoble Alpes. Le blog du droit \u00e9lectoral a d&rsquo;abord &hellip; <a href=\"https:\/\/blogdudroitelectoral.fr\/?page_id=5692\" class=\"more-link\">Continuer la lecture<span class=\"screen-reader-text\"> de &laquo;&nbsp;Pr\u00e9sentation du blog&nbsp;&raquo;<\/span><\/a><\/p>\n","protected":false},"author":1,"featured_media":0,"parent":0,"menu_order":0,"comment_status":"closed","ping_status":"closed","template":"","meta":{"footnotes":""},"class_list":["post-5692","page","type-page","status-publish","hentry"],"_links":{"self":[{"href":"https:\/\/blogdudroitelectoral.fr\/index.php?rest_route=\/wp\/v2\/pages\/5692","targetHints":{"allow":["GET"]}}],"collection":[{"href":"https:\/\/blogdudroitelectoral.fr\/index.php?rest_route=\/wp\/v2\/pages"}],"about":[{"href":"https:\/\/blogdudroitelectoral.fr\/index.php?rest_route=\/wp\/v2\/types\/page"}],"author":[{"embeddable":true,"href":"https:\/\/blogdudroitelectoral.fr\/index.php?rest_route=\/wp\/v2\/users\/1"}],"replies":[{"embeddable":true,"href":"https:\/\/blogdudroitelectoral.fr\/index.php?rest_route=%2Fwp%2Fv2%2Fcomments&post=5692"}],"version-history":[{"count":2,"href":"https:\/\/blogdudroitelectoral.fr\/index.php?rest_route=\/wp\/v2\/pages\/5692\/revisions"}],"predecessor-version":[{"id":22475,"href":"https:\/\/blogdudroitelectoral.fr\/index.php?rest_route=\/wp\/v2\/pages\/5692\/revisions\/22475"}],"wp:attachment":[{"href":"https:\/\/blogdudroitelectoral.fr\/index.php?rest_route=%2Fwp%2Fv2%2Fmedia&parent=5692"}],"curies":[{"name":"wp","href":"https:\/\/api.w.org\/{rel}","templated":true}]}}