{"id":5669,"date":"2019-09-27T11:02:59","date_gmt":"2019-09-27T09:02:59","guid":{"rendered":"https:\/\/blogdudroitelectoral.fr\/?page_id=5669"},"modified":"2026-01-14T05:26:44","modified_gmt":"2026-01-14T04:26:44","slug":"cv-une-page","status":"publish","type":"page","link":"https:\/\/blogdudroitelectoral.fr\/?page_id=5669","title":{"rendered":"CV Romain Rambaud &#8211; Une page"},"content":{"rendered":"\n<p><strong>ROMAIN RAMBAUD<\/strong>  <\/p>\n\n\n\n<p><strong>Courriel&nbsp;:<\/strong>  <\/p>\n\n\n\n<p>Voir la rubrique contact<\/p>\n\n\n\n<p><strong>Domicile :<\/strong> <\/p>\n\n\n\n<p>Grenoble (38000)<\/p>\n\n\n\n<p><strong>PROFIL &nbsp;&nbsp;&nbsp;&nbsp;&nbsp;&nbsp;&nbsp;&nbsp;&nbsp;&nbsp;&nbsp;&nbsp; <\/strong><\/p>\n\n\n\n<p>Professeur de droit public, Universit\u00e9 Grenoble-Alpes, sp\u00e9cialiste de droit \u00e9lectoral (droit des \u00e9lections politiques), menant des recherches \u00e9mergentes en IA juridique<\/p>\n\n\n\n<p>Fondateur du blog du droit \u00e9lectoral (http:\/\/blogdudroitelectoral.fr)<\/p>\n\n\n\n<p>Directeur des <a href=\"https:\/\/formations.univ-grenoble-alpes.fr\/fr\/catalogue-2021\/master-XB\/master-2-droit-des-collectivites-territoriales-IDIUV68O.html\">Masters Droit des collectivit\u00e9s territoriales<\/a>, Droit et conduite de l&rsquo;action publique en apprentissage (Facult\u00e9 de droit de l&rsquo;Universit\u00e9 Grenoble-Alpes) et <a href=\"https:\/\/formations.univ-grenoble-alpes.fr\/fr\/catalogue-2021\/master-XB\/master-droit-des-collectivites-territoriales-IDIUV68O\/parcours-gouvernance-territoriale-JW6DTZEP.html\">Gouvernance Territoriale<\/a> (double dipl\u00f4me Facult\u00e9 de droit de l&rsquo;UGA &#8211; Sciences Po Grenoble)<\/p>\n\n\n\n<p>Fondateur, Pr\u00e9sident honoraire et administrateur <a href=\"https:\/\/addp-asso.fr\/\">de l\u2019Association Dauphinoise du Droit Public (ADDP)<\/a><\/p>\n\n\n\n<p><\/p>\n\n\n\n<p><strong>FORMATION ET PARCOURS<\/strong><\/p>\n\n\n\n<p>2023<\/p>\n\n\n\n<p><strong>DU Legal tech and Law Innovation, Universit\u00e9 de Montpellier,<\/strong> formation continue<\/p>\n\n\n\n<p>2014&nbsp;&nbsp;&nbsp;&nbsp;&nbsp;&nbsp;&nbsp;&nbsp;&nbsp;&nbsp;&nbsp;&nbsp;&nbsp;&nbsp;&nbsp;&nbsp;&nbsp;&nbsp;&nbsp;&nbsp;&nbsp;<\/p>\n\n\n\n<p> <strong>Agr\u00e9gation de droit public, <em>Premier concours national<\/em>, 2013-2014.<\/strong><\/p>\n\n\n\n<p>2007 \u00e0 2011&nbsp;&nbsp;&nbsp;&nbsp;&nbsp;&nbsp;&nbsp;&nbsp; <\/p>\n\n\n\n<p><strong>Docteur en droit de l\u2019<em>Universit\u00e9 Paris 1 Panth\u00e9on-Sorbonne, \u00c9cole de droit de la Sorbonne.<\/em><\/strong><\/p>\n\n\n\n<p><em>Sujet de th\u00e8se&nbsp;:<\/em> \u00ab&nbsp;L\u2019institution juridique de r\u00e9gulation \u00bb, sous la direction du professeur G\u00e9rard Marcou<\/p>\n\n\n\n<p>2006 \u00e0 2007&nbsp;&nbsp;&nbsp;&nbsp;&nbsp;&nbsp;&nbsp;&nbsp;<\/p>\n\n\n\n<p>Master 2 Recherche de droit public \u00e9conomique, Major, <em>Universit\u00e9 Paris 1 Panth\u00e9on-Sorbonne.<\/em><\/p>\n\n\n\n<p><strong>EXP\u00c9RIENCE\nPROFESSIONNELLE ACAD\u00c9MIQUE<\/strong><\/p>\n\n\n\n<p>Depuis 2014&nbsp;&nbsp;&nbsp;&nbsp;<\/p>\n\n\n\n<p><strong>Professeur des universit\u00e9s, agr\u00e9g\u00e9 de droit public, <em>Universit\u00e9 Grenoble-Alpes, <\/em>CRJ&nbsp;:<\/strong><\/p>\n\n\n\n<p><em>Enseignements&nbsp;:<\/em><strong> <\/strong>CM de droit constitutionnel (L1), CM d&rsquo;IA juridique (L2), CM de droit des collectivit\u00e9s territoriales (L3), CM de droit \u00e9lectoral (M1 et M2), etc.<\/p>\n\n\n\n<p><em>Responsabilit\u00e9s&nbsp;p\u00e9dagogiques:<\/em><strong> <\/strong>Directeur des <a href=\"https:\/\/formations.univ-grenoble-alpes.fr\/fr\/catalogue-2021\/master-XB\/master-2-droit-des-collectivites-territoriales-IDIUV68O.html\">Masters Droit des collectivit\u00e9s territoriales<\/a>, Droit et conduite de l&rsquo;action publique en apprentissage (Facult\u00e9 de droit de l&rsquo;Universit\u00e9 Grenoble-Alpes) et <a href=\"https:\/\/formations.univ-grenoble-alpes.fr\/fr\/catalogue-2021\/master-XB\/master-droit-des-collectivites-territoriales-IDIUV68O\/parcours-gouvernance-territoriale-JW6DTZEP.html\">Gouvernance Territoriale<\/a> (double dipl\u00f4me Facult\u00e9 de droit de l&rsquo;UGA &#8211; Sciences Po Grenoble)<\/p>\n\n\n\n<p><em>Responsabilit\u00e9 administrative : c<\/em>o-pr\u00e9sident du d\u00e9partement de droit public (depuis d\u00e9cembre 2025)<\/p>\n\n\n\n<p>Porteur du projet de recherche IDEX JADE &#8211; <em>Justice algorithmique des \u00e9lections<\/em> (2022-2025) puis ANR JADE (2025-2028)<\/p>\n\n\n\n<p>Co-porteur du projet IDEX Formation TEDIA &#8211; <em>Transformation des \u00e9tudes de droit vers l&rsquo;intelligence artificielle<\/em> (2025-2027)<\/p>\n\n\n\n<p><em>Responsabilit\u00e9 scientifique nationale :<\/em> depuis 2015, Rubrique droit \u00e9lectoral, AJDA, depuis 2022, Rubrique droit \u00e9lectoral, RFDC<\/p>\n\n\n\n<p><em>Auditions \u00e0 l\u2019Assembl\u00e9e Nationale&nbsp;:<\/em> auditions pour lesprojets de loi pour une d\u00e9mocratie plus repr\u00e9sentative, responsable et efficace, la loi relative aux \u00e9lections europ\u00e9ennes, la loi relative \u00e0 la lutte contre la manipulation de l\u2019information (2018) et la proposition de loi visant \u00e0 clarifier diverses dispositions du droit \u00e9lectoral (2019), etc.. : v. page consacr\u00e9e.<\/p>\n\n\n\n<p><em>Interventions m\u00e9dias<\/em> <em>(ex.)&nbsp;:<\/em> Radio France, Arr\u00eat sur Images (2018), RMC, Le Parisien (2019), Club des juristes<\/p>\n\n\n\n<p><strong>Ma\u00eetre de conf\u00e9rences, <em>Universit\u00e9 de Bourgogne<\/em>, Dijon, CREDESPO<\/strong><\/p>\n\n\n\n<p>2007-2012&nbsp;&nbsp;&nbsp;&nbsp; <\/p>\n\n\n\n<p>&nbsp;<strong>Enseignant-chercheur contractuel, allocataire-moniteur, <em>Universit\u00e9 Paris 1 <\/em>et ATER, <em>Universit\u00e9 de Rennes 1<\/em><\/strong><\/p>\n\n\n\n<p><strong>EXP\u00c9RIENCE\nPROFESSIONNELLE PRATIQUE<\/strong><\/p>\n\n\n\n<p><em>Depuis 2023<\/em><\/p>\n\n\n\n<p><strong>R\u00e9f\u00e9rent-d\u00e9ontologue \u00e9lus pour des collectivit\u00e9s territoriales<\/strong> <strong>de l&rsquo;aire grenobloise<\/strong><\/p>\n\n\n\n<p><em>De 2018 \u00e0 2022&nbsp;&nbsp;&nbsp;&nbsp; <\/em><\/p>\n\n\n\n<p><strong>Consultant et formateur en droit \u00e9lectoral&nbsp;:<\/strong><\/p>\n\n\n\n<p><em>Consultant <\/em>aupr\u00e8s de cabinets d\u2019avocats (Paris, Grenoble)<\/p>\n\n\n\n<p><em>Formateur <\/em>aupr\u00e8s de divers clients&nbsp;: partis politiques, instituts de formation d\u2019\u00e9lus, barreau de Grenoble, etc.<\/p>\n\n\n\n<p>v. la page <a href=\"https:\/\/blogdudroitelectoral.fr\/cv-romain-rambaud-formation\/\">activit\u00e9s pratiques<\/a><\/p>\n\n\n\n<p><em>En 2012 (6 mois) <\/em><\/p>\n\n\n\n<p><strong>Assistant (stage), <em>Tribunal Administratif de Rennes<\/em>,de janvier \u00e0 juillet&nbsp;:<\/strong> <em>Assistant du pr\u00e9sident de la 3<sup>\u00e8me<\/sup> Chambre<\/em>&nbsp;: contrats et travaux publics, collectivit\u00e9s territoriales, responsabilit\u00e9<\/p>\n\n\n\n<p><strong>EXP\u00c9RIENCE ASSOCIATIVE<\/strong><\/p>\n\n\n\n<p>Depuis 2017&nbsp;&nbsp;&nbsp;&nbsp;&nbsp;&nbsp;&nbsp; <\/p>\n\n\n\n<p><strong>Fondateur et vice-Pr\u00e9sident puis Pr\u00e9sident \u00ab&nbsp;enseignant&nbsp;\u00bb, puis s\u00e9cretaire g\u00e9n\u00e9ral, de l\u2019Association Dauphinoise du Droit public (ADDP)<\/strong><\/p>\n\n\n\n<p>Association \u00ab&nbsp;\u0153cum\u00e9nique&nbsp;\u00bb\nde mise en r\u00e9seau entre professionnels, \u00e9tudiants et enseignants-chercheurs\nautour du droit public en Is\u00e8re, Dr\u00f4me, Ard\u00e8che, Hautes-Alpes (https:\/\/www.linkedin.com\/company\/12989917)<\/p>\n\n\n\n<p><\/p>\n\n\n\n<p><strong>PRINCIPALES PUBLICATIONS R\u00c9CENTES<\/strong><\/p>\n\n\n\n<p>V. La page publications.<\/p>\n","protected":false},"excerpt":{"rendered":"<p>ROMAIN RAMBAUD Courriel&nbsp;: Voir la rubrique contact Domicile : Grenoble (38000) PROFIL &nbsp;&nbsp;&nbsp;&nbsp;&nbsp;&nbsp;&nbsp;&nbsp;&nbsp;&nbsp;&nbsp;&nbsp; Professeur de droit public, Universit\u00e9 Grenoble-Alpes, sp\u00e9cialiste de droit \u00e9lectoral (droit des \u00e9lections politiques), menant des recherches \u00e9mergentes en IA juridique Fondateur du blog du droit \u00e9lectoral (http:\/\/blogdudroitelectoral.fr) Directeur des Masters Droit des collectivit\u00e9s territoriales, Droit et conduite de l&rsquo;action publique en &hellip; <a href=\"https:\/\/blogdudroitelectoral.fr\/?page_id=5669\" class=\"more-link\">Continuer la lecture<span class=\"screen-reader-text\"> de &laquo;&nbsp;CV Romain Rambaud &#8211; Une page&nbsp;&raquo;<\/span><\/a><\/p>\n","protected":false},"author":1,"featured_media":21821,"parent":0,"menu_order":0,"comment_status":"closed","ping_status":"closed","template":"","meta":{"footnotes":""},"class_list":["post-5669","page","type-page","status-publish","has-post-thumbnail","hentry"],"_links":{"self":[{"href":"https:\/\/blogdudroitelectoral.fr\/index.php?rest_route=\/wp\/v2\/pages\/5669","targetHints":{"allow":["GET"]}}],"collection":[{"href":"https:\/\/blogdudroitelectoral.fr\/index.php?rest_route=\/wp\/v2\/pages"}],"about":[{"href":"https:\/\/blogdudroitelectoral.fr\/index.php?rest_route=\/wp\/v2\/types\/page"}],"author":[{"embeddable":true,"href":"https:\/\/blogdudroitelectoral.fr\/index.php?rest_route=\/wp\/v2\/users\/1"}],"replies":[{"embeddable":true,"href":"https:\/\/blogdudroitelectoral.fr\/index.php?rest_route=%2Fwp%2Fv2%2Fcomments&post=5669"}],"version-history":[{"count":2,"href":"https:\/\/blogdudroitelectoral.fr\/index.php?rest_route=\/wp\/v2\/pages\/5669\/revisions"}],"predecessor-version":[{"id":22516,"href":"https:\/\/blogdudroitelectoral.fr\/index.php?rest_route=\/wp\/v2\/pages\/5669\/revisions\/22516"}],"wp:featuredmedia":[{"embeddable":true,"href":"https:\/\/blogdudroitelectoral.fr\/index.php?rest_route=\/"}],"wp:attachment":[{"href":"https:\/\/blogdudroitelectoral.fr\/index.php?rest_route=%2Fwp%2Fv2%2Fmedia&parent=5669"}],"curies":[{"name":"wp","href":"https:\/\/api.w.org\/{rel}","templated":true}]}}