{"id":2866,"date":"2016-05-11T10:11:15","date_gmt":"2016-05-11T08:11:15","guid":{"rendered":"http:\/\/droitelectoral.blog.lemonde.fr\/?page_id=2866"},"modified":"2016-05-11T10:11:15","modified_gmt":"2016-05-11T08:11:15","slug":"cv-des-auteurs-2","status":"publish","type":"page","link":"https:\/\/blogdudroitelectoral.fr\/?page_id=2866","title":{"rendered":"Contributeurs"},"content":{"rendered":"<p>\u00c9crivent \u00e9galement occasionnellement sur le blog du droit \u00e9lectoral les auteurs pr\u00e9sent\u00e9s ci-dessous. Chaque auteur est libre et responsable de ses propos.<\/p>\n<p><a href=\"https:\/\/www.linkedin.com\/in\/z%C3%A9rah-bremond-8216571b6\/?originalSubdomain=fr\">Z\u00e9rah Br\u00e9mond<\/a>, Ma\u00eetre de conf\u00e9rences en droit public, Universit\u00e9 de Pau et des Pays de l\u2019Adour.<\/p>\n<p>Didier Girard, avocat au barreau de Paris<\/p>\n<p><a href=\"https:\/\/www.linkedin.com\/in\/camille-morio-80386ba0\/\">Camille Morio<\/a>, Ma\u00eetresse de conf\u00e9rences en droit public, Sciences Po Grenoble<\/p>\n<p>Josselin Rio, docteur de l&rsquo;Universit\u00e9 de la R\u00e9union<\/p>\n","protected":false},"excerpt":{"rendered":"<p>\u00c9crivent \u00e9galement occasionnellement sur le blog du droit \u00e9lectoral les auteurs pr\u00e9sent\u00e9s ci-dessous. Chaque auteur est libre et responsable de ses propos. Z\u00e9rah Br\u00e9mond, Ma\u00eetre de conf\u00e9rences en droit public, Universit\u00e9 de Pau et des Pays de l\u2019Adour. Didier Girard, avocat au barreau de Paris Camille Morio, Ma\u00eetresse de conf\u00e9rences en droit public, Sciences Po &hellip; <a href=\"https:\/\/blogdudroitelectoral.fr\/?page_id=2866\" class=\"more-link\">Continuer la lecture<span class=\"screen-reader-text\"> de &laquo;&nbsp;Contributeurs&nbsp;&raquo;<\/span><\/a><\/p>\n","protected":false},"author":1,"featured_media":0,"parent":0,"menu_order":0,"comment_status":"open","ping_status":"closed","template":"","meta":{"footnotes":""},"class_list":["post-2866","page","type-page","status-publish","hentry"],"_links":{"self":[{"href":"https:\/\/blogdudroitelectoral.fr\/index.php?rest_route=\/wp\/v2\/pages\/2866","targetHints":{"allow":["GET"]}}],"collection":[{"href":"https:\/\/blogdudroitelectoral.fr\/index.php?rest_route=\/wp\/v2\/pages"}],"about":[{"href":"https:\/\/blogdudroitelectoral.fr\/index.php?rest_route=\/wp\/v2\/types\/page"}],"author":[{"embeddable":true,"href":"https:\/\/blogdudroitelectoral.fr\/index.php?rest_route=\/wp\/v2\/users\/1"}],"replies":[{"embeddable":true,"href":"https:\/\/blogdudroitelectoral.fr\/index.php?rest_route=%2Fwp%2Fv2%2Fcomments&post=2866"}],"version-history":[{"count":0,"href":"https:\/\/blogdudroitelectoral.fr\/index.php?rest_route=\/wp\/v2\/pages\/2866\/revisions"}],"wp:attachment":[{"href":"https:\/\/blogdudroitelectoral.fr\/index.php?rest_route=%2Fwp%2Fv2%2Fmedia&parent=2866"}],"curies":[{"name":"wp","href":"https:\/\/api.w.org\/{rel}","templated":true}]}}