{"id":26,"date":"2014-09-20T17:52:02","date_gmt":"2014-09-20T16:52:02","guid":{"rendered":"http:\/\/droitelectoral.blog.lemonde.fr\/?page_id=26"},"modified":"2026-01-16T05:34:29","modified_gmt":"2026-01-16T04:34:29","slug":"cv-romain-rambaud","status":"publish","type":"page","link":"https:\/\/blogdudroitelectoral.fr\/?page_id=26","title":{"rendered":"CV Romain Rambaud"},"content":{"rendered":"\n<div class=\"wp-block-group\"><div class=\"wp-block-group__inner-container is-layout-flow wp-block-group-is-layout-flow\"><\/div><\/div>\n\n\n\n<p>Romain Rambaud est professeur de droit public \u00e0 l&rsquo;Universit\u00e9 Grenoble Alpes (Centre de recherches juridiques). Il est sp\u00e9cialiste de droit des \u00e9lections politiques : fondateur du blog du droit \u00e9lectoral (<a href=\"https:\/\/blogdudroitelectoral.fr\/\" target=\"_blank\" rel=\"noreferrer noopener\">https:\/\/blogdudroitelectoral.fr<\/a>), il est l&rsquo;auteur d&rsquo;un manuel sur le Droit des \u00e9lections et des r\u00e9f\u00e9rendums politiques (LGDJ, 2019) et est responsable des chroniques de droit \u00e9lectoral de la revue\u00a0<em>Actualit\u00e9 juridique du droit administratif<\/em>\u00a0et de la\u00a0<em>Revue fran\u00e7aise de droit constitutionnel.\u00a0<\/em>Il conduit en parall\u00e8le des recherches en IA juridique : il m\u00e8ne depuis 2022 un projet collectif IDEX puis ANR\u00a0<em>JADE<\/em>\u00a0sur la\u00a0<em>Justice algorithmique des \u00e9lections<\/em>\u00a0et depuis 2025 un projet IDEX Formation de transformation p\u00e9dagogique\u00a0<em>TEDIA &#8211; Transformation des \u00e9tudes de droit vers l&rsquo;intelligence artificielle.<\/em><\/p>\n\n\n\n<p><strong>Voir le CV complet par rubriques<\/strong><\/p>\n\n\n\n<p><a href=\"https:\/\/blogdudroitelectoral.fr\/cv-une-page\/\">CV une page<\/a><\/p>\n\n\n\n<p><a href=\"https:\/\/blogdudroitelectoral.fr\/cv-romain-rambaud-publications-2\/\">Publications<\/a><\/p>\n\n\n\n<p><a href=\"https:\/\/blogdudroitelectoral.fr\/auditions\/\">Auditions<\/a><\/p>\n\n\n\n<p><a href=\"https:\/\/blogdudroitelectoral.fr\/cv-romain-rambaud-medias\/\">M\u00e9dias<\/a><\/p>\n\n\n\n<p><a href=\"https:\/\/blogdudroitelectoral.fr\/cv-romain-rambaud-publications\/\">Enseignement<\/a><\/p>\n\n\n\n<p><a href=\"https:\/\/blogdudroitelectoral.fr\/cv-romain-rambaud-formation\/\">Activit\u00e9s pratiques<\/a><\/p>\n\n\n\n<p><\/p>\n","protected":false},"excerpt":{"rendered":"<p>Romain Rambaud est professeur de droit public \u00e0 l&rsquo;Universit\u00e9 Grenoble Alpes (Centre de recherches juridiques). Il est sp\u00e9cialiste de droit des \u00e9lections politiques : fondateur du blog du droit \u00e9lectoral (https:\/\/blogdudroitelectoral.fr), il est l&rsquo;auteur d&rsquo;un manuel sur le Droit des \u00e9lections et des r\u00e9f\u00e9rendums politiques (LGDJ, 2019) et est responsable des chroniques de droit \u00e9lectoral &hellip; <a href=\"https:\/\/blogdudroitelectoral.fr\/?page_id=26\" class=\"more-link\">Continuer la lecture<span class=\"screen-reader-text\"> de &laquo;&nbsp;CV Romain Rambaud&nbsp;&raquo;<\/span><\/a><\/p>\n","protected":false},"author":1,"featured_media":7600,"parent":0,"menu_order":0,"comment_status":"open","ping_status":"closed","template":"","meta":{"footnotes":""},"class_list":["post-26","page","type-page","status-publish","has-post-thumbnail","hentry"],"_links":{"self":[{"href":"https:\/\/blogdudroitelectoral.fr\/index.php?rest_route=\/wp\/v2\/pages\/26","targetHints":{"allow":["GET"]}}],"collection":[{"href":"https:\/\/blogdudroitelectoral.fr\/index.php?rest_route=\/wp\/v2\/pages"}],"about":[{"href":"https:\/\/blogdudroitelectoral.fr\/index.php?rest_route=\/wp\/v2\/types\/page"}],"author":[{"embeddable":true,"href":"https:\/\/blogdudroitelectoral.fr\/index.php?rest_route=\/wp\/v2\/users\/1"}],"replies":[{"embeddable":true,"href":"https:\/\/blogdudroitelectoral.fr\/index.php?rest_route=%2Fwp%2Fv2%2Fcomments&post=26"}],"version-history":[{"count":1,"href":"https:\/\/blogdudroitelectoral.fr\/index.php?rest_route=\/wp\/v2\/pages\/26\/revisions"}],"predecessor-version":[{"id":22555,"href":"https:\/\/blogdudroitelectoral.fr\/index.php?rest_route=\/wp\/v2\/pages\/26\/revisions\/22555"}],"wp:featuredmedia":[{"embeddable":true,"href":"https:\/\/blogdudroitelectoral.fr\/index.php?rest_route=\/"}],"wp:attachment":[{"href":"https:\/\/blogdudroitelectoral.fr\/index.php?rest_route=%2Fwp%2Fv2%2Fmedia&parent=26"}],"curies":[{"name":"wp","href":"https:\/\/api.w.org\/{rel}","templated":true}]}}