{"id":19664,"date":"2024-06-25T05:39:26","date_gmt":"2024-06-25T03:39:26","guid":{"rendered":"https:\/\/blogdudroitelectoral.fr\/?page_id=19664"},"modified":"2026-01-14T05:23:36","modified_gmt":"2026-01-14T04:23:36","slug":"les-presentations-du-projet-jade-videos-postcats-powerpoints","status":"publish","type":"page","link":"https:\/\/blogdudroitelectoral.fr\/?page_id=19664","title":{"rendered":"Les pr\u00e9sentations du projet JADE (vid\u00e9os, podcasts, powerpoints)"},"content":{"rendered":"\n<p><strong>18\/11\/2025 &#8211; Pr\u00e9sentation du projet JADE devant les membres du Conseil constitutionnel, dans le cadre de la matin\u00e9e \u00ab\u00a0Conseil constitutionnel et intelligence artificielle\u00a0\u00bb, <\/strong>par Romain Rambaud et Didier Schwab<\/p>\n\n\n\n<div data-wp-interactive=\"core\/file\" class=\"wp-block-file\"><object data-wp-bind--hidden=\"!state.hasPdfPreview\" hidden class=\"wp-block-file__embed\" data=\"https:\/\/blogdudroitelectoral.fr\/wp-content\/uploads\/2026\/01\/Projet-JADE-Presentation-Conseil-constitutionnel-18-11-2025-1.pdf\" type=\"application\/pdf\" style=\"width:100%;height:600px\" aria-label=\"Contenu embarqu\u00e9 Projet JADE - Pr\u00e9sentation Conseil constitutionnel - 18-11-2025.\"><\/object><a id=\"wp-block-file--media-e412c537-47e7-4d5e-ae13-71ea399a5883\" href=\"https:\/\/blogdudroitelectoral.fr\/wp-content\/uploads\/2026\/01\/Projet-JADE-Presentation-Conseil-constitutionnel-18-11-2025-1.pdf\">Projet JADE &#8211; Pr\u00e9sentation Conseil constitutionnel &#8211; 18-11-2025<\/a><a href=\"https:\/\/blogdudroitelectoral.fr\/wp-content\/uploads\/2026\/01\/Projet-JADE-Presentation-Conseil-constitutionnel-18-11-2025-1.pdf\" class=\"wp-block-file__button wp-element-button\" download aria-describedby=\"wp-block-file--media-e412c537-47e7-4d5e-ae13-71ea399a5883\">T\u00e9l\u00e9charger<\/a><\/div>\n\n\n\n<p><strong>12\/11\/2025 &#8211; Pr\u00e9sentation du projet JADE dans le cadre des rencontres scientifiques du p\u00f4le PSS de l&rsquo;UGA<\/strong>, par Romain Rambaud<\/p>\n\n\n\n<div data-wp-interactive=\"core\/file\" class=\"wp-block-file\"><object data-wp-bind--hidden=\"!state.hasPdfPreview\" hidden class=\"wp-block-file__embed\" data=\"https:\/\/blogdudroitelectoral.fr\/wp-content\/uploads\/2026\/01\/Projet-JADE-Presentation-PSS-12-11-2025.pdf\" type=\"application\/pdf\" style=\"width:100%;height:600px\" aria-label=\"Contenu embarqu\u00e9 Projet JADE - Pr\u00e9sentation PSS - 12-11-2025.\"><\/object><a id=\"wp-block-file--media-0beb306c-eaad-4346-b2b0-c86a11ae07da\" href=\"https:\/\/blogdudroitelectoral.fr\/wp-content\/uploads\/2026\/01\/Projet-JADE-Presentation-PSS-12-11-2025.pdf\">Projet JADE &#8211; Pr\u00e9sentation PSS &#8211; 12-11-2025<\/a><a href=\"https:\/\/blogdudroitelectoral.fr\/wp-content\/uploads\/2026\/01\/Projet-JADE-Presentation-PSS-12-11-2025.pdf\" class=\"wp-block-file__button wp-element-button\" download aria-describedby=\"wp-block-file--media-0beb306c-eaad-4346-b2b0-c86a11ae07da\">T\u00e9l\u00e9charger<\/a><\/div>\n\n\n\n<p><strong>07\/11\/2025 &#8211; Pr\u00e9sentation du projet JADE dans le cadre du Groupe de Travail Nouvelles technologies et Justice (CIS CNRS), par Romain Rambaud<\/strong><\/p>\n\n\n\n<div data-wp-interactive=\"core\/file\" class=\"wp-block-file\"><object data-wp-bind--hidden=\"!state.hasPdfPreview\" hidden class=\"wp-block-file__embed\" data=\"https:\/\/blogdudroitelectoral.fr\/wp-content\/uploads\/2026\/01\/Projet-JADE-Presentation-GDT-NTJ-7-11-2025.pdf\" type=\"application\/pdf\" style=\"width:100%;height:600px\" aria-label=\"Contenu embarqu\u00e9 Projet JADE - Pr\u00e9sentation GDT NTJ - 7-11-2025.\"><\/object><a id=\"wp-block-file--media-c360583e-3ae4-4c36-8a72-cb52314e6d5e\" href=\"https:\/\/blogdudroitelectoral.fr\/wp-content\/uploads\/2026\/01\/Projet-JADE-Presentation-GDT-NTJ-7-11-2025.pdf\">Projet JADE &#8211; Pr\u00e9sentation GDT NTJ &#8211; 7-11-2025<\/a><a href=\"https:\/\/blogdudroitelectoral.fr\/wp-content\/uploads\/2026\/01\/Projet-JADE-Presentation-GDT-NTJ-7-11-2025.pdf\" class=\"wp-block-file__button wp-element-button\" download aria-describedby=\"wp-block-file--media-c360583e-3ae4-4c36-8a72-cb52314e6d5e\">T\u00e9l\u00e9charger<\/a><\/div>\n\n\n\n<p><strong>17\/10\/2025 &#8211; Pr\u00e9sentation des r\u00e9sultats du projet JADE sur le th\u00e8me suivant : \u00ab\u00a0Le Conseil constitutionnel, juge \u00e9lectoral, est-il politis\u00e9 ?\u00a0\u00bb<\/strong>, <strong>Journ\u00e9e d\u2019\u00e9tudes de l\u2019UMR DICE des 16 et 17 octobre 2025 : la politisation de la Justice<\/strong>, par Romain Rambaud et Fr\u00e9d\u00e9rique Letu\u00e9.<\/p>\n\n\n\n<div data-wp-interactive=\"core\/file\" class=\"wp-block-file\"><object data-wp-bind--hidden=\"!state.hasPdfPreview\" hidden class=\"wp-block-file__embed\" data=\"https:\/\/blogdudroitelectoral.fr\/wp-content\/uploads\/2026\/01\/Presentation-JADE-Rambaud-Letue-Toulon-2025-v.-def.-2-17-10-25.pdf\" type=\"application\/pdf\" style=\"width:100%;height:600px\" aria-label=\"Contenu embarqu\u00e9 Presentation-JADE-Rambaud-Letue-Toulon-2025-v.-def.-2 - 17-10-25.\"><\/object><a id=\"wp-block-file--media-1e3307a9-7205-455e-b331-b4c86daa8787\" href=\"https:\/\/blogdudroitelectoral.fr\/wp-content\/uploads\/2026\/01\/Presentation-JADE-Rambaud-Letue-Toulon-2025-v.-def.-2-17-10-25.pdf\">Presentation-JADE-Rambaud-Letue-Toulon-2025-v.-def.-2 &#8211; 17-10-25<\/a><a href=\"https:\/\/blogdudroitelectoral.fr\/wp-content\/uploads\/2026\/01\/Presentation-JADE-Rambaud-Letue-Toulon-2025-v.-def.-2-17-10-25.pdf\" class=\"wp-block-file__button wp-element-button\" download aria-describedby=\"wp-block-file--media-1e3307a9-7205-455e-b331-b4c86daa8787\">T\u00e9l\u00e9charger<\/a><\/div>\n\n\n\n<p><strong>12\/06\/2025<\/strong> &#8211; <strong>Pr\u00e9sentation du projet JADE dans le cadre du colloque \u00ab\u00a0R\u00e9cuser l\u2019\u00e9lection, contester les \u00e9lections. Vers une d\u00e9l\u00e9gitimation de la proc\u00e9dure \u00e9lectorale ? (RECEL)\u00a0\u00bb, Lille, 12 et 13 juin 2025<\/strong>, par Romain Rambaud<\/p>\n\n\n\n<div data-wp-interactive=\"core\/file\" class=\"wp-block-file\"><object data-wp-bind--hidden=\"!state.hasPdfPreview\" hidden class=\"wp-block-file__embed\" data=\"https:\/\/blogdudroitelectoral.fr\/wp-content\/uploads\/2026\/01\/Projet-JADE-Presentation-RECEL-12-juin-2025.pdf\" type=\"application\/pdf\" style=\"width:100%;height:600px\" aria-label=\"Contenu embarqu\u00e9 Projet JADE - Pr\u00e9sentation RECEL - 12 juin 2025.\"><\/object><a id=\"wp-block-file--media-32a48f50-459b-406e-baa9-bae364916461\" href=\"https:\/\/blogdudroitelectoral.fr\/wp-content\/uploads\/2026\/01\/Projet-JADE-Presentation-RECEL-12-juin-2025.pdf\">Projet JADE &#8211; Pr\u00e9sentation RECEL &#8211; 12 juin 2025<\/a><a href=\"https:\/\/blogdudroitelectoral.fr\/wp-content\/uploads\/2026\/01\/Projet-JADE-Presentation-RECEL-12-juin-2025.pdf\" class=\"wp-block-file__button wp-element-button\" download aria-describedby=\"wp-block-file--media-32a48f50-459b-406e-baa9-bae364916461\">T\u00e9l\u00e9charger<\/a><\/div>\n\n\n\n<p><strong>11\/06\/2025 &#8211; Pr\u00e9sentation du projet JADE dans le cadre des journ\u00e9es d&rsquo;inaugurales du nouveau R\u00e9seau des \u00e9tudes \u00e9lectorales en France (REEF) financ\u00e9 par le CNRS et labelis\u00e9 par l\u2019IR* PROGEDO, <\/strong>par Romain Rambaud<\/p>\n\n\n\n<div data-wp-interactive=\"core\/file\" class=\"wp-block-file\"><object data-wp-bind--hidden=\"!state.hasPdfPreview\" hidden class=\"wp-block-file__embed\" data=\"https:\/\/blogdudroitelectoral.fr\/wp-content\/uploads\/2026\/01\/Projet-JADE-Presentation-REEF-11-06-2025.pdf\" type=\"application\/pdf\" style=\"width:100%;height:600px\" aria-label=\"Contenu embarqu\u00e9 Projet JADE - Pr\u00e9sentation REEF - 11- 06-2025.\"><\/object><a id=\"wp-block-file--media-a9abf01f-3f86-4f12-a378-4f1c1c76b039\" href=\"https:\/\/blogdudroitelectoral.fr\/wp-content\/uploads\/2026\/01\/Projet-JADE-Presentation-REEF-11-06-2025.pdf\">Projet JADE &#8211; Pr\u00e9sentation REEF &#8211; 11- 06-2025<\/a><a href=\"https:\/\/blogdudroitelectoral.fr\/wp-content\/uploads\/2026\/01\/Projet-JADE-Presentation-REEF-11-06-2025.pdf\" class=\"wp-block-file__button wp-element-button\" download aria-describedby=\"wp-block-file--media-a9abf01f-3f86-4f12-a378-4f1c1c76b039\">T\u00e9l\u00e9charger<\/a><\/div>\n\n\n\n<p><strong>27\/05\/2025 &#8211; Pr\u00e9sentation du projet JADE dans le cadre d&rsquo;un colloque organis\u00e9 par le CRJ et l&rsquo;Association Ren\u00e9 Capitant sur l&rsquo;influence<\/strong>, par Romain Rambaud<\/p>\n\n\n\n<div data-wp-interactive=\"core\/file\" class=\"wp-block-file\"><object data-wp-bind--hidden=\"!state.hasPdfPreview\" hidden class=\"wp-block-file__embed\" data=\"https:\/\/blogdudroitelectoral.fr\/wp-content\/uploads\/2026\/01\/Projet-JADE-Presentation-Colloque-Influence-27-05-2025.pdf\" type=\"application\/pdf\" style=\"width:100%;height:600px\" aria-label=\"Contenu embarqu\u00e9 Projet JADE - Pr\u00e9sentation Colloque Influence -  27-05-2025.\"><\/object><a id=\"wp-block-file--media-4eb684c0-5e80-4068-9e48-20a1b5edcf15\" href=\"https:\/\/blogdudroitelectoral.fr\/wp-content\/uploads\/2026\/01\/Projet-JADE-Presentation-Colloque-Influence-27-05-2025.pdf\">Projet JADE &#8211; Pr\u00e9sentation Colloque Influence &#8211;  27-05-2025<\/a><a href=\"https:\/\/blogdudroitelectoral.fr\/wp-content\/uploads\/2026\/01\/Projet-JADE-Presentation-Colloque-Influence-27-05-2025.pdf\" class=\"wp-block-file__button wp-element-button\" download aria-describedby=\"wp-block-file--media-4eb684c0-5e80-4068-9e48-20a1b5edcf15\">T\u00e9l\u00e9charger<\/a><\/div>\n\n\n\n<p><strong>26\/03\/2025 &#8211; Pr\u00e9sentation des r\u00e9sultats du projet JADE au Conseil constitutionnel, r\u00e9union interne en pr\u00e9sence du secr\u00e9tariat g\u00e9n\u00e9ral, du service juridique et des services informatiques <\/strong> par Romain Rambaud, Alya Hafsaoui, Jean-Pierre Camby, Fr\u00e9d\u00e9rique Letu\u00e9, Didier Girard, Caroline Blingy et Georges-Andr\u00e9 Silber.<\/p>\n\n\n\n<div data-wp-interactive=\"core\/file\" class=\"wp-block-file\"><object data-wp-bind--hidden=\"!state.hasPdfPreview\" hidden class=\"wp-block-file__embed\" data=\"https:\/\/blogdudroitelectoral.fr\/wp-content\/uploads\/2026\/01\/Projet-JADE-Presentation-Conseil-constitutionnel-26-03-2025.pdf\" type=\"application\/pdf\" style=\"width:100%;height:600px\" aria-label=\"Contenu embarqu\u00e9 Projet JADE - Pr\u00e9sentation Conseil constitutionnel - 26-03-2025.\"><\/object><a id=\"wp-block-file--media-e09c7d58-b3f6-4dee-b3d9-14c9d2e1521b\" href=\"https:\/\/blogdudroitelectoral.fr\/wp-content\/uploads\/2026\/01\/Projet-JADE-Presentation-Conseil-constitutionnel-26-03-2025.pdf\">Projet JADE &#8211; Pr\u00e9sentation Conseil constitutionnel &#8211; 26-03-2025<\/a><a href=\"https:\/\/blogdudroitelectoral.fr\/wp-content\/uploads\/2026\/01\/Projet-JADE-Presentation-Conseil-constitutionnel-26-03-2025.pdf\" class=\"wp-block-file__button wp-element-button\" download aria-describedby=\"wp-block-file--media-e09c7d58-b3f6-4dee-b3d9-14c9d2e1521b\">T\u00e9l\u00e9charger<\/a><\/div>\n\n\n\n<p><strong>27\/01\/2025 &#8211; Interview par le site Acteurs Publics<\/strong>, Romain Rambaud<\/p>\n\n\n\n<p>Le lien vers l&rsquo;article est ici, accessible uniquement aux abonn\u00e9s ou via les universit\u00e9s lorsqu&rsquo;elles y ont acc\u00e8s : <a rel=\"noreferrer noopener\" href=\"https:\/\/acteurspublics.fr\/articles\/ia-dans-la-justice-nous-pouvons-developper-des-outils-de-soutien-a-la-decision-mais-pas-de-substitution\" target=\"_blank\">https:\/\/acteurspublics.fr\/articles\/ia-dans-la-justice-nous-pouvons-developper-des-outils-de-soutien-a-la-decision-mais-pas-de-substitution<\/a><\/p>\n\n\n\n<p><strong>05\/12\/2024 &#8211; Pr\u00e9sentation du projet JADE dans le cadre des journ\u00e9es Open Sciences Days organis\u00e9es par l&rsquo;UGA<\/strong>, par Romain Rambaud et Louis Maritaud<\/p>\n\n\n\n<p><strong>04\/11\/2024 &#8211; Pr\u00e9sentation du projet JADE dans le cadre du s\u00e9minaire 2024 de la revue Jurim\u00e9trie<\/strong>, par Romain Rambaud, Caroline Bligny et Alya Hafsaoui<\/p>\n\n\n\n<figure class=\"wp-block-embed is-type-video is-provider-youtube wp-block-embed-youtube wp-embed-aspect-16-9 wp-has-aspect-ratio\"><div class=\"wp-block-embed__wrapper\">\n<iframe loading=\"lazy\" title=\"Justice algorithmique des \u00e9lections(JADE): une nouvelle base de donn\u00e9es du contentieux des \u00e9lections\" width=\"840\" height=\"473\" src=\"https:\/\/www.youtube.com\/embed\/dYkY_vehG-E?feature=oembed\" frameborder=\"0\" allow=\"accelerometer; autoplay; clipboard-write; encrypted-media; gyroscope; picture-in-picture; web-share\" referrerpolicy=\"strict-origin-when-cross-origin\" allowfullscreen><\/iframe>\n<\/div><\/figure>\n\n\n\n<p><strong>17\/10\/2024 &#8211; Pr\u00e9sentation du projet JADE<\/strong> <strong>sur le blog de Ma\u00eetre Eric Landot<\/strong>, par Romain Rambaud, Caroline Bligny, Fr\u00e9d\u00e9rique Letu\u00e9, et Alya Hafsaoui<\/p>\n\n\n\n<figure class=\"wp-block-embed is-type-video is-provider-youtube wp-block-embed-youtube wp-embed-aspect-16-9 wp-has-aspect-ratio\"><div class=\"wp-block-embed__wrapper\">\n<iframe loading=\"lazy\" title=\"Projet JADE : donn\u00e9es statistiques, recherche juridique et contentieux \u00e9lectoral\" width=\"840\" height=\"473\" src=\"https:\/\/www.youtube.com\/embed\/bYsLD2N--uo?feature=oembed\" frameborder=\"0\" allow=\"accelerometer; autoplay; clipboard-write; encrypted-media; gyroscope; picture-in-picture; web-share\" referrerpolicy=\"strict-origin-when-cross-origin\" allowfullscreen><\/iframe>\n<\/div><\/figure>\n\n\n\n<p><strong>09\/09\/2024 &#8211; Pr\u00e9sentation du projet JADE dans le s\u00e9minaire du projet ANR VERELECT, Sciences-Po Paris<\/strong>, par Romain Rambaud<\/p>\n\n\n\n<p><strong>05\/06\/2024 &#8211; Pr\u00e9sentation du projet JADE dans le s\u00e9minaire \u00e9ditorial de la chaire \u00e9thique &amp; IA de l\u2019Universit\u00e9 Grenoble-Alpes <\/strong>, par Romain Rambaud, Caroline Bligny, Louis Maritaud et Alya Hafsaoui<\/p>\n\n\n\n<figure class=\"wp-block-embed is-type-rich is-provider-spotify wp-block-embed-spotify wp-embed-aspect-21-9 wp-has-aspect-ratio\"><div class=\"wp-block-embed__wrapper\">\n<iframe title=\"Spotify Embed: Marius Bertolucci - L&amp;apos;Homme diminu\u00e9 par l&amp;apos;IA\" style=\"border-radius: 12px\" width=\"100%\" height=\"152\" frameborder=\"0\" allowfullscreen allow=\"autoplay; clipboard-write; encrypted-media; fullscreen; picture-in-picture\" loading=\"lazy\" src=\"https:\/\/open.spotify.com\/embed\/show\/5gouNpixknrAjCdEmw2X8F?uri=spotify%3Aepisode%3A7BD138x98Sha3ZgcWIwoGj&amp;utm_source=oembed\"><\/iframe>\n<\/div><\/figure>\n\n\n\n<p><strong>31\/05\/2024 &#8211; Pr\u00e9sentation du deuxi\u00e8me article du projet JADE \u00e0 Chamb\u00e9ry, dans le cadre du s\u00e9minaire de Jurim\u00e9trie<\/strong>, par Romain Rambaud, Caroline Bligny et Alya Hafsaoui.<\/p>\n\n\n\n<p><strong>23\/05\/2024 &#8211;<\/strong> <strong>Pr\u00e9sentation du projet JADE lors du s\u00e9minaire de l&rsquo;UMD DICE, Aix en Provence, par Romain Rambaud et Alya Hafsaoui,<\/strong> <strong>Le projet de recherche Justice algorithmique des \u00e9lections : une exp\u00e9rience contemporaine d\u2019informatique juridique<\/strong>, par Romain Rambaud et Alya Hafsaoui, 23 mai 2024, 12h30.<\/p>\n\n\n\n<figure class=\"wp-block-embed is-type-video is-provider-youtube wp-block-embed-youtube wp-embed-aspect-16-9 wp-has-aspect-ratio\"><div class=\"wp-block-embed__wrapper\">\n<iframe loading=\"lazy\" title=\"R. RAMBAUD\/A. HAFSAOUI, Le projet de recherche Justice algorithmique des \u00e9lect\u00b0 (DICE, 23 mai 2024)\" width=\"840\" height=\"473\" src=\"https:\/\/www.youtube.com\/embed\/2o0MXQ7da8Q?feature=oembed\" frameborder=\"0\" allow=\"accelerometer; autoplay; clipboard-write; encrypted-media; gyroscope; picture-in-picture; web-share\" referrerpolicy=\"strict-origin-when-cross-origin\" allowfullscreen><\/iframe>\n<\/div><\/figure>\n\n\n\n<p>Ci-dessous le Powerpoint pr\u00e9sent\u00e9 lors de cette conf\u00e9rence :<\/p>\n\n\n\n<p><strong>15\/12\/2023 &#8211; Pr\u00e9sentation du projet JADE lors de la semaine DATA\/SHS de l&rsquo;UGA, <\/strong>par Romain Rambaud, Caroline Bligny, Alya Hafsaoui, Thomas Lebarb\u00e9, Gilles Bission et Annette Casagrande. Ci-dessous le powerpoint :<\/p>\n\n\n\n<div data-wp-interactive=\"core\/file\" class=\"wp-block-file\"><object data-wp-bind--hidden=\"!state.hasPdfPreview\" hidden class=\"wp-block-file__embed\" data=\"https:\/\/blogdudroitelectoral.fr\/wp-content\/uploads\/2026\/01\/Projet-JADE-Presentation-Chambery-31-05-2024.pdf\" type=\"application\/pdf\" style=\"width:100%;height:600px\" aria-label=\"Contenu embarqu\u00e9 Projet JADE - Pr\u00e9sentation Chamb\u00e9ry 31-05-2024.\"><\/object><a id=\"wp-block-file--media-f81153a8-aaea-4abd-b2d5-c9905e69d016\" href=\"https:\/\/blogdudroitelectoral.fr\/wp-content\/uploads\/2026\/01\/Projet-JADE-Presentation-Chambery-31-05-2024.pdf\">Projet JADE &#8211; Pr\u00e9sentation Chamb\u00e9ry 31-05-2024<\/a><a href=\"https:\/\/blogdudroitelectoral.fr\/wp-content\/uploads\/2026\/01\/Projet-JADE-Presentation-Chambery-31-05-2024.pdf\" class=\"wp-block-file__button wp-element-button\" download aria-describedby=\"wp-block-file--media-f81153a8-aaea-4abd-b2d5-c9905e69d016\">T\u00e9l\u00e9charger<\/a><\/div>\n\n\n\n<p><strong>8\/12\/2023 &#8211;<\/strong> <strong>Pr\u00e9sentation du projet JADE devant l&rsquo;association des \u00e9tudiants du Master 2 de contentieux, <\/strong>par Romain Rambaud. Ci-dessous le powerpoint :<\/p>\n\n\n\n<div data-wp-interactive=\"core\/file\" class=\"wp-block-file\"><object data-wp-bind--hidden=\"!state.hasPdfPreview\" hidden class=\"wp-block-file__embed\" data=\"https:\/\/blogdudroitelectoral.fr\/wp-content\/uploads\/2026\/01\/Conference-Paris-1-08-12-2023.pdf\" type=\"application\/pdf\" style=\"width:100%;height:600px\" aria-label=\"Contenu embarqu\u00e9 Conf\u00e9rence Paris 1 - 08-12-2023.\"><\/object><a id=\"wp-block-file--media-64f454fc-dd2e-4303-9aa3-57c8fe60e9fd\" href=\"https:\/\/blogdudroitelectoral.fr\/wp-content\/uploads\/2026\/01\/Conference-Paris-1-08-12-2023.pdf\">Conf\u00e9rence Paris 1 &#8211; 08-12-2023<\/a><a href=\"https:\/\/blogdudroitelectoral.fr\/wp-content\/uploads\/2026\/01\/Conference-Paris-1-08-12-2023.pdf\" class=\"wp-block-file__button wp-element-button\" download aria-describedby=\"wp-block-file--media-64f454fc-dd2e-4303-9aa3-57c8fe60e9fd\">T\u00e9l\u00e9charger<\/a><\/div>\n\n\n\n<p><strong>21\/11\/2023 &#8211; Pr\u00e9sentation du projet JADE \u00e0 Nice, dans le cadre de la chaire 3IA, 21 novembre 2023,<\/strong> par Romain Rambaud et Caroline Bligny. Ci-dessous le powerpoint :<\/p>\n\n\n\n<div data-wp-interactive=\"core\/file\" class=\"wp-block-file\"><object data-wp-bind--hidden=\"!state.hasPdfPreview\" hidden class=\"wp-block-file__embed\" data=\"https:\/\/blogdudroitelectoral.fr\/wp-content\/uploads\/2026\/01\/Projet-JADE-Presentation-Nice-22-11-2023.pdf\" type=\"application\/pdf\" style=\"width:100%;height:600px\" aria-label=\"Contenu embarqu\u00e9 Projet JADE - Pr\u00e9sentation Nice 22-11-2023.\"><\/object><a id=\"wp-block-file--media-c5ec0115-cc7e-4ffe-a82c-c61a83573875\" href=\"https:\/\/blogdudroitelectoral.fr\/wp-content\/uploads\/2026\/01\/Projet-JADE-Presentation-Nice-22-11-2023.pdf\">Projet JADE &#8211; Pr\u00e9sentation Nice 22-11-2023<\/a><a href=\"https:\/\/blogdudroitelectoral.fr\/wp-content\/uploads\/2026\/01\/Projet-JADE-Presentation-Nice-22-11-2023.pdf\" class=\"wp-block-file__button wp-element-button\" download aria-describedby=\"wp-block-file--media-c5ec0115-cc7e-4ffe-a82c-c61a83573875\">T\u00e9l\u00e9charger<\/a><\/div>\n\n\n\n<p><strong>16\/06\/2023 &#8211; Pr\u00e9sentation du projet JADE \u00e0 Toulon, pour le Congr\u00e8s de l&rsquo;Association fran\u00e7aise de droit constitutionnel<\/strong>, par Romain Rambaud et Alya Hafsaoui.<\/p>\n\n\n\n<p>L\u2019association fran\u00e7aise de droit constitutionnel (AFDC) a organis\u00e9 son XI Congr\u00e8s \u00e0 Toulon du 15 au 17 juin 2023. A cette occasion, Romain Rambaud et Alya Hafsaoui ont pr\u00e9sent\u00e9 une communication dans l&rsquo;atelier n\u00b03, consacr\u00e9 \u00e0 la th\u00e9orie du droit, intitul\u00e9e <em>\u00ab\u00a0Une Justice algorithmique pour les \u00e9lections ? Consid\u00e9rations techniques et \u00e9pist\u00e9mologiques\u00a0\u00bb<\/em>. <a href=\"https:\/\/cfdc2023.univ-tln.fr\/wp-content\/uploads\/Atelier-3-RAMBAUD-Romain-et-HAFSAOUI-Alya.pdf\">Vous trouverez cette communication librement t\u00e9l\u00e9chargeable sur le site du Congr\u00e8s de l&rsquo;AFDC<\/a>.<\/p>\n\n\n\n<p><strong>05\/12\/2022 &#8211;<\/strong> <strong>Pr\u00e9sentation du projet JADE dans le cadre du GDT \u00ab\u00a0Nouvelles technologies et justice\u00a0\u00bb<\/strong>, par Romain Rambaud.<\/p>\n\n\n\n<p><\/p>\n\n\n\n<p><\/p>\n","protected":false},"excerpt":{"rendered":"<p>18\/11\/2025 &#8211; Pr\u00e9sentation du projet JADE devant les membres du Conseil constitutionnel, dans le cadre de la matin\u00e9e \u00ab\u00a0Conseil constitutionnel et intelligence artificielle\u00a0\u00bb, par Romain Rambaud et Didier Schwab 12\/11\/2025 &#8211; Pr\u00e9sentation du projet JADE dans le cadre des rencontres scientifiques du p\u00f4le PSS de l&rsquo;UGA, par Romain Rambaud 07\/11\/2025 &#8211; Pr\u00e9sentation du projet JADE &hellip; <a href=\"https:\/\/blogdudroitelectoral.fr\/?page_id=19664\" class=\"more-link\">Continuer la lecture<span class=\"screen-reader-text\"> de &laquo;&nbsp;Les pr\u00e9sentations du projet JADE (vid\u00e9os, podcasts, powerpoints)&nbsp;&raquo;<\/span><\/a><\/p>\n","protected":false},"author":1,"featured_media":0,"parent":0,"menu_order":0,"comment_status":"closed","ping_status":"closed","template":"","meta":{"footnotes":""},"class_list":["post-19664","page","type-page","status-publish","hentry"],"_links":{"self":[{"href":"https:\/\/blogdudroitelectoral.fr\/index.php?rest_route=\/wp\/v2\/pages\/19664","targetHints":{"allow":["GET"]}}],"collection":[{"href":"https:\/\/blogdudroitelectoral.fr\/index.php?rest_route=\/wp\/v2\/pages"}],"about":[{"href":"https:\/\/blogdudroitelectoral.fr\/index.php?rest_route=\/wp\/v2\/types\/page"}],"author":[{"embeddable":true,"href":"https:\/\/blogdudroitelectoral.fr\/index.php?rest_route=\/wp\/v2\/users\/1"}],"replies":[{"embeddable":true,"href":"https:\/\/blogdudroitelectoral.fr\/index.php?rest_route=%2Fwp%2Fv2%2Fcomments&post=19664"}],"version-history":[{"count":7,"href":"https:\/\/blogdudroitelectoral.fr\/index.php?rest_route=\/wp\/v2\/pages\/19664\/revisions"}],"predecessor-version":[{"id":22511,"href":"https:\/\/blogdudroitelectoral.fr\/index.php?rest_route=\/wp\/v2\/pages\/19664\/revisions\/22511"}],"wp:attachment":[{"href":"https:\/\/blogdudroitelectoral.fr\/index.php?rest_route=%2Fwp%2Fv2%2Fmedia&parent=19664"}],"curies":[{"name":"wp","href":"https:\/\/api.w.org\/{rel}","templated":true}]}}