{"id":17453,"date":"2022-11-10T18:09:05","date_gmt":"2022-11-10T17:09:05","guid":{"rendered":"https:\/\/blogdudroitelectoral.fr\/?page_id=17453"},"modified":"2022-11-10T18:09:05","modified_gmt":"2022-11-10T17:09:05","slug":"justice-algorithmique-des-elections-jade","status":"publish","type":"page","link":"https:\/\/blogdudroitelectoral.fr\/?page_id=17453","title":{"rendered":"Justice algorithmique des \u00e9lections (JADE)"},"content":{"rendered":"\n<p>Chers lecteurs,<br><br>Le blog du droit \u00e9lectoral est heureux d&rsquo;inaugurer une section consacr\u00e9e au projet JADE, pour <em>Justice algorithmique des \u00e9lections<\/em>.<br><br>Le projet interdisciplinaire \u00ab Justice algorithmique des \u00e9lections \u00bb (JADE), port\u00e9 par le Centre de recherches juridiques de l&rsquo;Universit\u00e9 Grenoble-Alpes (CRJ), le Laboratoire Jean Kuntzmann (LJK), le LIG (Laboratoire d\u2019informatique de Grenoble), avec le soutien du laboratoire PACTE (chaire de soci\u00e9t\u00e9 algorithmique du MIAI) a pour finalit\u00e9 de proposer la construction de m\u00e9thodes de math\u00e9matiques appliqu\u00e9es et d\u2019intelligence artificielle \u00e0 un objet juridique pour lequel ces m\u00e9thodes n\u2019ont encore jamais \u00e9t\u00e9 utilis\u00e9es et pr\u00e9sentent un int\u00e9r\u00eat particulier, le contentieux des \u00e9lections politiques. L\u2019hypoth\u00e8se retenue est que la justice automatis\u00e9e ou pr\u00e9dictive pourrait s\u2019av\u00e9rer particuli\u00e8rement envisageable et pertinente en mati\u00e8re de contentieux \u00e9lectoral, de sorte qu\u2019elle pourrait r\u00e9v\u00e9ler sa rationalit\u00e9, diminuer son arbitraire, et augmenter son efficacit\u00e9. Ce projet IRGA, propos\u00e9 par Romain Rambaud, a b\u00e9n\u00e9fici\u00e9 d&rsquo;une aide de l&rsquo;Etat g\u00e9r\u00e9e par l&rsquo;Agence Nationale de la Recherche au titre du programme \u00ab Investissements d&rsquo;avenir \u00bb portant la r\u00e9f\u00e9rence ANR-15-IDEX-02 : il b\u00e9n\u00e9ficie d&rsquo;une Allocation De Recherche (ADR) et d&rsquo;un budget cons\u00e9quent attribu\u00e9 par le p\u00f4le PSS (Sciences sociales) et par le p\u00f4le MSTIC (Math\u00e9matiques, sciences et technologies de l\u2019information et de la communication).<br><br>Dans cette nouvelle section, vous trouverez, au fur et \u00e0 mesure, des publications li\u00e9es au projet JADE, des bases de donn\u00e9es, et les r\u00e9sultats de notre recherche.<br><br>Bienvenue sur les pages suivantes :<br><br>&#8211; Le projet JADE<\/p>\n\n\n\n<p>&#8211; L&rsquo;\u00e9quipe du projet JADE<br><br>&#8211; Le premier niveau du projet JADE : la base de donn\u00e9es du contentieux \u00e9lectoral<\/p>\n","protected":false},"excerpt":{"rendered":"<p>Chers lecteurs, Le blog du droit \u00e9lectoral est heureux d&rsquo;inaugurer une section consacr\u00e9e au projet JADE, pour Justice algorithmique des \u00e9lections. Le projet interdisciplinaire \u00ab Justice algorithmique des \u00e9lections \u00bb (JADE), port\u00e9 par le Centre de recherches juridiques de l&rsquo;Universit\u00e9 Grenoble-Alpes (CRJ), le Laboratoire Jean Kuntzmann (LJK), le LIG (Laboratoire d\u2019informatique de Grenoble), avec le &hellip; <a href=\"https:\/\/blogdudroitelectoral.fr\/?page_id=17453\" class=\"more-link\">Continuer la lecture<span class=\"screen-reader-text\"> de &laquo;&nbsp;Justice algorithmique des \u00e9lections (JADE)&nbsp;&raquo;<\/span><\/a><\/p>\n","protected":false},"author":1,"featured_media":0,"parent":0,"menu_order":0,"comment_status":"closed","ping_status":"closed","template":"","meta":{"footnotes":""},"class_list":["post-17453","page","type-page","status-publish","hentry"],"_links":{"self":[{"href":"https:\/\/blogdudroitelectoral.fr\/index.php?rest_route=\/wp\/v2\/pages\/17453","targetHints":{"allow":["GET"]}}],"collection":[{"href":"https:\/\/blogdudroitelectoral.fr\/index.php?rest_route=\/wp\/v2\/pages"}],"about":[{"href":"https:\/\/blogdudroitelectoral.fr\/index.php?rest_route=\/wp\/v2\/types\/page"}],"author":[{"embeddable":true,"href":"https:\/\/blogdudroitelectoral.fr\/index.php?rest_route=\/wp\/v2\/users\/1"}],"replies":[{"embeddable":true,"href":"https:\/\/blogdudroitelectoral.fr\/index.php?rest_route=%2Fwp%2Fv2%2Fcomments&post=17453"}],"version-history":[{"count":0,"href":"https:\/\/blogdudroitelectoral.fr\/index.php?rest_route=\/wp\/v2\/pages\/17453\/revisions"}],"wp:attachment":[{"href":"https:\/\/blogdudroitelectoral.fr\/index.php?rest_route=%2Fwp%2Fv2%2Fmedia&parent=17453"}],"curies":[{"name":"wp","href":"https:\/\/api.w.org\/{rel}","templated":true}]}}