{"id":1410,"date":"2015-08-21T14:59:59","date_gmt":"2015-08-21T12:59:59","guid":{"rendered":"http:\/\/droitelectoral.blog.lemonde.fr\/?page_id=1410"},"modified":"2015-08-21T14:59:59","modified_gmt":"2015-08-21T12:59:59","slug":"cv-romain-rambaud-publications","status":"publish","type":"page","link":"https:\/\/blogdudroitelectoral.fr\/?page_id=1410","title":{"rendered":"CV Romain Rambaud &#8211; Enseignement et administration"},"content":{"rendered":"<p><strong>FONCTIONS ADMINISTRATIVES<\/strong><\/p>\n<p><em><strong>Fonctions actuelles<\/strong><\/em><\/p>\n<p>Co-Pr\u00e9sident de la section (d\u00e9partement) de droit public (depuis d\u00e9cembre 2025)<\/p>\n<p>Directeur de la Mention Droit des collectivit\u00e9s territoriales de l&rsquo;Universit\u00e9 Grenoble-Alpes, Double parcours : <br \/>Master \u00ab\u00a0Droit et conduite de l&rsquo;action publique\u00a0\u00bb (Facult\u00e9 de droit\/en apprentissage)<br \/>Co-directeur du Master Gouvernance Territoriale\u00a0\u00bb (Facult\u00e9 de droit \/ IEP de Grenoble)<\/p>\n<p>Membre du conseil de laboratoire, CRJ<\/p>\n<p><em><strong>2020-2025<\/strong><\/em><\/p>\n<p>Co-directeur de la mention\u00a0\u00ab\u00a0Droit des collectivit\u00e9s territoriales\u00a0\u00bb : Masters\u00a0\u00ab\u00a0Direction et conseil de l&rsquo;action publique\u00a0\u00bb (Facult\u00e9 de droit) et \u00ab\u00a0Gouvernance Territoriale\u00a0\u00bb (Facult\u00e9 de droit \/ IEP de Grenoble)<\/p>\n<p>Membre du conseil de facult\u00e9, Facult\u00e9 de droit, UGA<\/p>\n<p>Membre du conseil de laboratoire, CRJ<\/p>\n<p>Membre de la commission de discipline pour les usagers, UGA<\/p>\n<p><em><strong>De 2014 \u00e0 2020<\/strong><\/em><\/p>\n<p>Responsable du Master 1 de droit public<\/p>\n<p><strong>ENSEIGNEMENT<\/strong><\/p>\n<p><strong>Professeur des universit\u00e9s,\u00a0Universit\u00e9 Grenoble-Alpes\u00a0:<\/strong><\/p>\n<p><em>Projets actuels (2025-2026)<\/em><\/p>\n<p>Co-Porteur du projet IDEX Formation TEDIA &#8211; Transformation des \u00e9tudes de droit vers l&rsquo;intelligence artificielle. Le projet Transformation des \u00c9tudes de Droit vers l&rsquo;Intelligence Artificielle (TEDIA) est laur\u00e9at de l&rsquo;appel \u00e0 projets \u00ab\u00a0Emergents 2024\u00a0\u00bb de l\u2019IdEx Formation de l\u2019Universit\u00e9 Grenoble Alpes. Ce projet a vocation \u00e0 sensibiliser et \u00e0 former le plus grand nombre d&rsquo;\u00e9tudiants possible de la Facult\u00e9 de droit (\u00e0 travers la cr\u00e9ation d\u2019un cours d\u2019IA juridique op\u00e9rationnelle) ainsi que les diff\u00e9rents professionnels du droit aux usages de l\u2019intelligence artificielle (IA).<\/p>\n<p>Voir ici pour toutes les informations sur le projet TEDIA.<\/p>\n<p><em>Cours actuels :\u00a0<\/em><\/p>\n<p>En Master :<\/p>\n<ul>\n<li>Actualit\u00e9s du droit de la vie politique, M2, Droit des collectivit\u00e9s territoriales, Universit\u00e9 Grenoble-Alpes (depuis 2025)<\/li>\n<li>Actualit\u00e9s du droit des collectivit\u00e9s territoriales,\u00a0M2, Droit des collectivit\u00e9s territoriales, Universit\u00e9 Grenoble-Alpes (depuis 2025)<\/li>\n<li>Droit de la vie politique, M1 Droit des collectivit\u00e9s territoriales, Universit\u00e9 Grenoble-Alpes (depuis 2016)<\/li>\n<li>Droit de la vie politique, 4A Management des collectivit\u00e9s territoriales, IEP de Grenoble (depuis 2021)<\/li>\n<li>Droit des collectivit\u00e9s territorialit\u00e9s, 4A Tronc commun IGAP, IEP de Grenoble (depuis 2024)<\/li>\n<\/ul>\n<p>En licence :<\/p>\n<ul>\n<li>CM d&rsquo; IA juridique, L2 Droit, UGA (depuis 2025)<\/li>\n<li>CM de droit des collectivit\u00e9s territoriales, L3 Droit, UGA (depuis 2020)<\/li>\n<li>CM de droit constitutionnel, L1 Droit, UGA (depuis 2015)<\/li>\n<\/ul>\n<p><em>Cours pass\u00e9s<\/em><\/p>\n<ul>\n<li>CM de droit administratif, L2 Droit, UGA (2014-2020)<\/li>\n<li>Droit \u00e9lectoral, M2 Comp\u00e9tences juridiques des collaborateurs d&rsquo;\u00e9lus, Universit\u00e9 Lyon 2 (2020-2025)<\/li>\n<li>Droit \u00e9lectoral, M1, UCLY (2021-2022)<\/li>\n<li>Contentieux \u00e9lectoral, M2 Droit Public Fondamental, Universit\u00e9 Aix-Marseille (2020-2021)<\/li>\n<li>Organisation de la vie politique locale, M2 Droit des collectivit\u00e9s territoriales, Universit\u00e9 Grenoble-Alpes (2014-2021)<\/li>\n<li>Contentieux constitutionnel, M2 M\u00e9tiers de la justice, Universit\u00e9 Savoie Mont-Blanc (2020 et 2021)<\/li>\n<li>S\u00e9minaire de droit \u00e9lectoral, M1 Droit public (2015\/2016)<\/li>\n<li>CM de droit public \u00e9conomique, L3 Droit et EAD (2014\/2015)<\/li>\n<li>CM de droit des d\u00e9l\u00e9gations de service public, M2 Droit (2014\/2016)<\/li>\n<\/ul>\n<p>**<\/p>\n<p>2012 \u00e0 2014<\/p>\n<p><strong>Ma\u00eetre de conf\u00e9rences,\u00a0Universit\u00e9 de Bourgogne :<\/strong><\/p>\n<p>\u2022 CM de droit public \u00e9conomique, Licence 3 AES (2012\/2014).<br \/>\u2022 CM de droit des collectivit\u00e9s territoriales, Licence 1 et 2 AES (2012\/2014).<br \/>\u2022\u00a0CM de droit fiscal, Licence 3 AES et IPAG (2013\/2014)<br \/>\u2022\u00a0TD de droit public \u00e9conomique, Licence 3 AES (2012\/2014).<br \/>\u2022\u00a0TD de droit administratif g\u00e9n\u00e9ral, Licence 2 AES (2012\/2014).<\/p>\n<p>**<\/p>\n<p>2010 \u00e0 2012<\/p>\n<p><strong>ATER,Universit\u00e9 de Rennes 1 :<\/strong><br \/>\u2022 TD de droit administratif, Licence 2 de droit (2010 \u00e0 2012).<br \/>\u2022 TD de droit constitutionnel, Licence 1 de droit (2010\/2011).<br \/>\u2022 TD de droit public des affaires, Master 1 de droit public (2010 \u00e0 2012).<br \/>\u2022 TD de contentieux administratif, Licence 3 de droit (2011\/2012).<\/p>\n<p>**<\/p>\n<p>2007 \u00e0 2010<\/p>\n<p><strong>Allocataire-moniteur,Universit\u00e9 Paris 1 Panth\u00e9on- Sorbonne :<\/strong><br \/>\u2022 TD de droit public des affaires, Master 1 de droit public (2008\/2009).<br \/>\u2022 TD de droit des contrats administratifs, Master 1 de droit public (2007\/2008).<br \/>\u2022 TD de droit administratif, Licence 2 de droit (2009\/2010).<br \/>\u2022 TD de droit constitutionnel, Licence 1 de droit (2007 \u00e0 2009).<\/p>\n<p><strong>Jurys de th\u00e8se<\/strong><\/p>\n<p>Th\u00e8se soutenue par Mme Ad\u00e8le Abdallah, L&rsquo;institutionnalisation de la repr\u00e9sentation communo-confessionnelle par les \u00e9lections l\u00e9gislatives au Liban, 30 juin 2025, Universit\u00e9 Grenoble Alpes (directeur)<\/p>\n<p>Th\u00e8se soutenue par Mme Maria Guzenko, Le standard d&rsquo;\u00e9lection libre et honn\u00eate en droit international, 20 d\u00e9cembre 2024,Universit\u00e9 Aix-Marseille, dir. Patick Ga\u00efa et Sophie Lamouroux (examinateur)<\/p>\n<p>Th\u00e8se soutenue par Mme Sophie Briante Guillemont, Les principes essentiels du droit processuel en contentieux constitutionnel \u00e9lectoral. Juger les \u00e9lections, 24 mai 2024, Universit\u00e9 Paris 1, dir. Dominique Rousseau (rapporteur)<\/p>\n<p>Th\u00e8se soutenue par Mme Jeanne Charlotin Kervazo, Le droit de vote des majeurs d\u00e9ficients intellectuels, 3 f\u00e9vrier 2023, Universit\u00e9 de Bretagne-Sud, dir. Michel S\u00e9jean (rapporteur)<\/p>\n<p>Th\u00e8se soutenue par M. Wendyam Yougbare, Le juge administratif et le contentieux des \u00e9lections politiques en Afrique noire francophone : \u00e9tude comparative entre le Burkina Faso et la C\u00f4te d&rsquo;Ivoire, Aix-en-Provence, 2021 (rapporteur)<\/p>\n<p>Th\u00e8se soutenue par M. Dodji Akpatcha, Le Premier Ministre en Afrique Noire Francophone, 2021, Universit\u00e9 Grenoble-Alpes (directeur)<\/p>\n<p>Th\u00e8se soutenue par M. Maxime Thi\u00e9baut, R\u00e9flexions sur les r\u00e8gles de financement des campagnes \u00e9lectorales, 9 dec. 2019, Universit\u00e9 de Bourgogne-Franche-Comt\u00e9, dir. J.-L. Pissaloux (rapporteur)<\/p>\n<p>Th\u00e8se soutenue par M. Gregory Puydebois, La transparence de la vie publique en France, 15 nov. 2019, Universit\u00e9 de Bordeaux, dir. F. M\u00e9lin-Soucramanien (rapporteur).<\/p>\n<p>Th\u00e8se soutenue par M. Dominique Gely, La proc\u00e9dure de d\u00e9signation des candidats \u00e0 l\u2019\u00e9lection pr\u00e9sidentielle fran\u00e7aise, 20 nov. 2018, Universit\u00e9 Toulouse 1 Capitole, dir. N. Laval-Mader (rapporteur)<\/p>\n<p>Th\u00e8se soutenue par Mme Aline Cascalez Gonzalez, La comp\u00e9tence enseignement et la libre administration des collectivit\u00e9s territoriales, 8 octobre 2016, Universit\u00e9 Aix-Marseille, dir. J.-M. Pontier et E. Roux (suffragant)<\/p>\n<p>Th\u00e8se soutenue par Mme Sofia Mitsiopoulou, Le march\u00e9 des infrastructures de transport : les a\u00e9roports et les ports, 25 octobre 2014, Universit\u00e9 Paris 1 Panth\u00e9on-Sorbonne, dir. G. Marcou (rapporteur)<\/p>\n<p><strong>Jurys de Prix de th\u00e8se<\/strong><\/p>\n<p>Prix de th\u00e8se de l&rsquo;Association Fran\u00e7aise de Droit Constitutionnel, 2025<\/p>\n<p>Prix de th\u00e8se du Conseil constitutionnel, 2019, remis \u00e0 Th\u00e9o Ducharme<\/p>\n<p><strong>Jury d&rsquo;HDR<\/strong><\/p>\n<p>2. HDR de Mme Aurore Granero, janv. 2020, Universit\u00e9 Bourgogne-Franche-Comt\u00e9 (hors \u00e9tablissement)<\/p>\n<p>1. HDR de M. Jean-Pierre Grandemange, fev. 2015, Universit\u00e9 Pierre Mend\u00e8s-France (en \u00e9tablissement)<\/p>\n\n\n<p><strong>Participation \u00e0 des COS<\/strong><\/p>\n\n\n\n<p>COS IUT2 &#8211; Universit\u00e9 Grenoble-Alpes (2025)<\/p>\n\n\n\n<p>COS Lyon 2 (2024)<\/p>\n\n\n\n<p>COS Dijon (2023)<\/p>\n\n\n\n<p>COS Lyon 2 (2023)<\/p>\n\n\n\n<p><\/p>\n","protected":false},"excerpt":{"rendered":"<p>FONCTIONS ADMINISTRATIVES Fonctions actuelles Co-Pr\u00e9sident de la section (d\u00e9partement) de droit public (depuis d\u00e9cembre 2025) Directeur de la Mention Droit des collectivit\u00e9s territoriales de l&rsquo;Universit\u00e9 Grenoble-Alpes, Double parcours : Master \u00ab\u00a0Droit et conduite de l&rsquo;action publique\u00a0\u00bb (Facult\u00e9 de droit\/en apprentissage)Co-directeur du Master Gouvernance Territoriale\u00a0\u00bb (Facult\u00e9 de droit \/ IEP de Grenoble) Membre du conseil de &hellip; <a href=\"https:\/\/blogdudroitelectoral.fr\/?page_id=1410\" class=\"more-link\">Continuer la lecture<span class=\"screen-reader-text\"> de &laquo;&nbsp;CV Romain Rambaud &#8211; Enseignement et administration&nbsp;&raquo;<\/span><\/a><\/p>\n","protected":false},"author":1,"featured_media":0,"parent":0,"menu_order":0,"comment_status":"open","ping_status":"closed","template":"","meta":{"footnotes":""},"class_list":["post-1410","page","type-page","status-publish","hentry"],"_links":{"self":[{"href":"https:\/\/blogdudroitelectoral.fr\/index.php?rest_route=\/wp\/v2\/pages\/1410","targetHints":{"allow":["GET"]}}],"collection":[{"href":"https:\/\/blogdudroitelectoral.fr\/index.php?rest_route=\/wp\/v2\/pages"}],"about":[{"href":"https:\/\/blogdudroitelectoral.fr\/index.php?rest_route=\/wp\/v2\/types\/page"}],"author":[{"embeddable":true,"href":"https:\/\/blogdudroitelectoral.fr\/index.php?rest_route=\/wp\/v2\/users\/1"}],"replies":[{"embeddable":true,"href":"https:\/\/blogdudroitelectoral.fr\/index.php?rest_route=%2Fwp%2Fv2%2Fcomments&post=1410"}],"version-history":[{"count":0,"href":"https:\/\/blogdudroitelectoral.fr\/index.php?rest_route=\/wp\/v2\/pages\/1410\/revisions"}],"wp:attachment":[{"href":"https:\/\/blogdudroitelectoral.fr\/index.php?rest_route=%2Fwp%2Fv2%2Fmedia&parent=1410"}],"curies":[{"name":"wp","href":"https:\/\/api.w.org\/{rel}","templated":true}]}}